{"id":2,"date":"2023-12-19T13:11:04","date_gmt":"2023-12-19T16:11:04","guid":{"rendered":"https:\/\/demo.sooft.tech\/?page_id=2"},"modified":"2023-12-19T13:16:28","modified_gmt":"2023-12-19T16:16:28","slug":"pagina-ejemplo","status":"publish","type":"page","link":"https:\/\/demo.sooft.tech\/index.php\/pagina-ejemplo\/","title":{"rendered":"P\u00e1gina de ejemplo"},"content":{"rendered":"\n<p>Esta es una p\u00e1gina de ejemplo. Es diferente a una entrada del blog porque permanecer\u00e1 en un solo lugar y aparecer\u00e1 en la navegaci\u00f3n de tu sitio (en la mayor\u00eda de los temas). La mayor\u00eda de las personas comienzan con una p\u00e1gina &#8220;Acerca de&#8221; que los presenta a los visitantes potenciales del sitio. Podr\u00edas decir algo as\u00ed:<\/p>\n\n\n\n<blockquote class=\"wp-block-quote is-layout-flow wp-block-quote-is-layout-flow\">\n<p>\u00a1Hola! Soy mensajero en bicicleta de d\u00eda, actor aspirante de noche, y esta es mi p\u00e1gina web. Vivo en Los \u00c1ngeles, tengo un gran perro llamado Jack, y me gustan las pi\u00f1as coladas. (Y ser atrapado por la lluvia.)<\/p>\n<\/blockquote>\n\n\n\n<p>&#8230;o algo como esto:<\/p>\n\n\n\n<blockquote class=\"wp-block-quote is-layout-flow wp-block-quote-is-layout-flow\">\n<p>La compa\u00f1ia XYZ Trasto fue fundada en 1971, y provee trastos de calidad para el p\u00fablico desde entonces. Ubicado en Ciudad G\u00f3tica, XYZ le da empleo a m\u00e1s de 2000 personas y hace todo tipo de cosas asombrosas para la comunidad de G\u00f3tica.<\/p>\n<\/blockquote>\n\n\n\n<p>Como nuevo usuario de WordPress, deber\u00edas dirigirte a <a href=\"https:\/\/demo.sooft.tech\/wp-admin\/\">tu escritorio<\/a> para borrar esta p\u00e1gina y crear nuevas p\u00e1ginas para tu contenido. \u00a1Divertite!<\/p>\n\n\n\n<figure class=\"wp-block-image size-full\"><img fetchpriority=\"high\" decoding=\"async\" width=\"224\" height=\"224\" src=\"https:\/\/demo.sooft.tech\/wp-content\/uploads\/2023\/12\/download.png\" alt=\"\" class=\"wp-image-6\" srcset=\"https:\/\/demo.sooft.tech\/wp-content\/uploads\/2023\/12\/download.png 224w, https:\/\/demo.sooft.tech\/wp-content\/uploads\/2023\/12\/download-150x150.png 150w\" sizes=\"(max-width: 224px) 100vw, 224px\" \/><\/figure>\n","protected":false},"excerpt":{"rendered":"<p>Esta es una p\u00e1gina de ejemplo. Es diferente a una entrada del blog porque permanecer\u00e1 en un solo lugar y aparecer\u00e1 en la navegaci\u00f3n de tu sitio (en la mayor\u00eda de los temas). La mayor\u00eda de las personas comienzan con una p\u00e1gina &#8220;Acerca de&#8221; que los presenta a los visitantes potenciales del sitio. Podr\u00edas decir &hellip;<\/p>\n<p class=\"read-more\"> <a class=\"\" href=\"https:\/\/demo.sooft.tech\/index.php\/pagina-ejemplo\/\"> <span class=\"screen-reader-text\">P\u00e1gina de ejemplo<\/span> Leer m\u00e1s &raquo;<\/a><\/p>\n","protected":false},"author":1,"featured_media":0,"parent":0,"menu_order":0,"comment_status":"closed","ping_status":"open","template":"","meta":{"site-sidebar-layout":"default","site-content-layout":"","ast-site-content-layout":"","site-content-style":"default","site-sidebar-style":"default","ast-global-header-display":"","ast-banner-title-visibility":"","ast-main-header-display":"","ast-hfb-above-header-display":"","ast-hfb-below-header-display":"","ast-hfb-mobile-header-display":"","site-post-title":"","ast-breadcrumbs-content":"","ast-featured-img":"","footer-sml-layout":"","theme-transparent-header-meta":"","adv-header-id-meta":"","stick-header-meta":"","header-above-stick-meta":"","header-main-stick-meta":"","header-below-stick-meta":"","astra-migrate-meta-layouts":"default","ast-page-background-enabled":"default","ast-page-background-meta":{"desktop":{"background-color":"var(--ast-global-color-4)","background-image":"","background-repeat":"repeat","background-position":"center center","background-size":"auto","background-attachment":"scroll","background-type":"","background-media":"","overlay-type":"","overlay-color":"","overlay-gradient":""},"tablet":{"background-color":"","background-image":"","background-repeat":"repeat","background-position":"center center","background-size":"auto","background-attachment":"scroll","background-type":"","background-media":"","overlay-type":"","overlay-color":"","overlay-gradient":""},"mobile":{"background-color":"","background-image":"","background-repeat":"repeat","background-position":"center center","background-size":"auto","background-attachment":"scroll","background-type":"","background-media":"","overlay-type":"","overlay-color":"","overlay-gradient":""}},"ast-content-background-meta":{"desktop":{"background-color":"var(--ast-global-color-5)","background-image":"","background-repeat":"repeat","background-position":"center center","background-size":"auto","background-attachment":"scroll","background-type":"","background-media":"","overlay-type":"","overlay-color":"","overlay-gradient":""},"tablet":{"background-color":"var(--ast-global-color-5)","background-image":"","background-repeat":"repeat","background-position":"center center","background-size":"auto","background-attachment":"scroll","background-type":"","background-media":"","overlay-type":"","overlay-color":"","overlay-gradient":""},"mobile":{"background-color":"var(--ast-global-color-5)","background-image":"","background-repeat":"repeat","background-position":"center center","background-size":"auto","background-attachment":"scroll","background-type":"","background-media":"","overlay-type":"","overlay-color":"","overlay-gradient":""}},"footnotes":""},"class_list":["post-2","page","type-page","status-publish","hentry"],"aioseo_notices":[],"_links":{"self":[{"href":"https:\/\/demo.sooft.tech\/index.php\/wp-json\/wp\/v2\/pages\/2","targetHints":{"allow":["GET"]}}],"collection":[{"href":"https:\/\/demo.sooft.tech\/index.php\/wp-json\/wp\/v2\/pages"}],"about":[{"href":"https:\/\/demo.sooft.tech\/index.php\/wp-json\/wp\/v2\/types\/page"}],"author":[{"embeddable":true,"href":"https:\/\/demo.sooft.tech\/index.php\/wp-json\/wp\/v2\/users\/1"}],"replies":[{"embeddable":true,"href":"https:\/\/demo.sooft.tech\/index.php\/wp-json\/wp\/v2\/comments?post=2"}],"version-history":[{"count":1,"href":"https:\/\/demo.sooft.tech\/index.php\/wp-json\/wp\/v2\/pages\/2\/revisions"}],"predecessor-version":[{"id":8,"href":"https:\/\/demo.sooft.tech\/index.php\/wp-json\/wp\/v2\/pages\/2\/revisions\/8"}],"wp:attachment":[{"href":"https:\/\/demo.sooft.tech\/index.php\/wp-json\/wp\/v2\/media?parent=2"}],"curies":[{"name":"wp","href":"https:\/\/api.w.org\/{rel}","templated":true}]}}